{"id":148,"date":"2012-02-22T12:22:31","date_gmt":"2012-02-22T11:22:31","guid":{"rendered":"http:\/\/experience-paleo.fr\/?page_id=148"},"modified":"2012-02-22T12:22:31","modified_gmt":"2012-02-22T11:22:31","slug":"bienvenue","status":"publish","type":"page","link":"https:\/\/experience-paleo.fr\/blog\/bienvenue\/","title":{"rendered":"Bienvenue !"},"content":{"rendered":"<p>Nos modes d&rsquo;alimentation \u00e9voluent tr\u00e8s rapidement\u00a0: nous consommons de plus en plus de produits industriels, qui sont de plus en plus modifi\u00e9s.<\/p>\n<p>En parall\u00e8le, les statistiques de nombreuses maladies modernes (ob\u00e9sit\u00e9, cancer, diab\u00e8te, maladies cardiaques, d&rsquo;Alzheimer, de Parkinson, d\u00e9pression, etc.) sont alarmantes, et \u00e0 ce jour, rien ne semble indiquer un ralentissement de la tendance.<\/p>\n<h2>Et si&#8230;<\/h2>\n<p>&#8230; c&rsquo;\u00e9tait li\u00e9\u00a0? Et si ces maladies \u00e9taient un signe que notre approche de l&rsquo;alimentation est fauss\u00e9e, et qu&rsquo;il faut la revoir\u00a0? Et si notre d\u00e9finition d&rsquo;une alimentation saine avait \u00e9t\u00e9 construite par des publicitaires, plus soucieux de r\u00e9aliser des profits que soigner notre sant\u00e9\u00a0?<\/p>\n<p>Et si&#8230; la solution \u00e9tait de revenir \u00e0 une alimentation ancestrale, originelle, celle pour laquelle nous sommes programm\u00e9s g\u00e9n\u00e9tiquement\u00a0? Une alimentation inspir\u00e9e de celle de nos anc\u00eatres du pal\u00e9olithique\u00a0?<\/p>\n<p style=\"text-align: center;\"><strong>Bienvenue sur Exp\u00e9rience Pal\u00e9o, un blog qui explore cette voie<\/strong><\/p>\n<p>Vous trouverez ici des informations sur le r\u00e9gime pal\u00e9o, et des ressources pour vous aider \u00e0 r\u00e9ussir votre transition vers ce nouveau mode de vie.<\/p>\n<p>&nbsp;<\/p>\n<p>N&rsquo;attendez pas plus longtemps pour changer&#8230; vivez mieux, vivez l&rsquo;<strong>Exp\u00e9rience Pal\u00e9o<\/strong>\u00a0!<\/p>\n<p>&nbsp;<\/p>\n","protected":false},"excerpt":{"rendered":"<p>Nos modes d&rsquo;alimentation \u00e9voluent tr\u00e8s rapidement\u00a0: nous consommons de plus en plus de produits industriels, qui sont de plus en plus modifi\u00e9s. En parall\u00e8le, les statistiques de nombreuses maladies modernes (ob\u00e9sit\u00e9, cancer, diab\u00e8te, maladies cardiaques, d&rsquo;Alzheimer, de Parkinson, d\u00e9pression, etc.) sont alarmantes, et \u00e0 ce jour, rien ne semble indiquer un ralentissement de la tendance. [&hellip;]<\/p>\n","protected":false},"author":1,"featured_media":0,"parent":0,"menu_order":0,"comment_status":"open","ping_status":"open","template":"","meta":{"wprm-recipe-roundup-name":"","wprm-recipe-roundup-description":"","_genesis_hide_title":false,"_genesis_hide_breadcrumbs":false,"_genesis_hide_singular_image":false,"_genesis_hide_footer_widgets":false,"_genesis_custom_body_class":"","_genesis_custom_post_class":"","_genesis_layout":"","footnotes":""},"class_list":{"0":"post-148","1":"page","2":"type-page","3":"status-publish","5":"entry"},"yoast_head":"<!-- This site is optimized with the Yoast SEO plugin v19.5.1 - https:\/\/yoast.com\/wordpress\/plugins\/seo\/ -->\n<title>Bienvenue ! - Exp\u00e9rience Pal\u00e9o - Adoptez le r\u00e9gime pal\u00e9olithique<\/title>\n<meta name=\"robots\" content=\"index, follow, max-snippet:-1, max-image-preview:large, max-video-preview:-1\" \/>\n<link rel=\"canonical\" href=\"https:\/\/experience-paleo.fr\/blog\/bienvenue\/\" \/>\n<meta property=\"og:locale\" content=\"fr_FR\" \/>\n<meta property=\"og:type\" content=\"article\" \/>\n<meta property=\"og:title\" content=\"Bienvenue ! - Exp\u00e9rience Pal\u00e9o - Adoptez le r\u00e9gime pal\u00e9olithique\" \/>\n<meta property=\"og:description\" content=\"Nos modes d&rsquo;alimentation \u00e9voluent tr\u00e8s rapidement\u00a0: nous consommons de plus en plus de produits industriels, qui sont de plus en plus modifi\u00e9s. En parall\u00e8le, les statistiques de nombreuses maladies modernes (ob\u00e9sit\u00e9, cancer, diab\u00e8te, maladies cardiaques, d&rsquo;Alzheimer, de Parkinson, d\u00e9pression, etc.) sont alarmantes, et \u00e0 ce jour, rien ne semble indiquer un ralentissement de la tendance. [&hellip;]\" \/>\n<meta property=\"og:url\" content=\"https:\/\/experience-paleo.fr\/blog\/bienvenue\/\" \/>\n<meta property=\"og:site_name\" content=\"Exp\u00e9rience Pal\u00e9o - Adoptez le r\u00e9gime pal\u00e9olithique\" \/>\n<meta property=\"article:publisher\" content=\"https:\/\/facebook.com\/experiencePaleo\" \/>\n<meta name=\"twitter:card\" content=\"summary_large_image\" \/>\n<meta name=\"twitter:label1\" content=\"Dur\u00e9e de lecture estim\u00e9e\" \/>\n\t<meta name=\"twitter:data1\" content=\"1 minute\" \/>\n<script type=\"application\/ld+json\" class=\"yoast-schema-graph\">{\"@context\":\"https:\/\/schema.org\",\"@graph\":[{\"@type\":\"WebPage\",\"@id\":\"https:\/\/experience-paleo.fr\/blog\/bienvenue\/\",\"url\":\"https:\/\/experience-paleo.fr\/blog\/bienvenue\/\",\"name\":\"Bienvenue ! - Exp\u00e9rience Pal\u00e9o - Adoptez le r\u00e9gime pal\u00e9olithique\",\"isPartOf\":{\"@id\":\"https:\/\/experience-paleo.fr\/blog\/#website\"},\"datePublished\":\"2012-02-22T11:22:31+00:00\",\"dateModified\":\"2012-02-22T11:22:31+00:00\",\"breadcrumb\":{\"@id\":\"https:\/\/experience-paleo.fr\/blog\/bienvenue\/#breadcrumb\"},\"inLanguage\":\"fr-FR\",\"potentialAction\":[{\"@type\":\"ReadAction\",\"target\":[\"https:\/\/experience-paleo.fr\/blog\/bienvenue\/\"]}]},{\"@type\":\"BreadcrumbList\",\"@id\":\"https:\/\/experience-paleo.fr\/blog\/bienvenue\/#breadcrumb\",\"itemListElement\":[{\"@type\":\"ListItem\",\"position\":1,\"name\":\"Bienvenue !\"}]},{\"@type\":\"WebSite\",\"@id\":\"https:\/\/experience-paleo.fr\/blog\/#website\",\"url\":\"https:\/\/experience-paleo.fr\/blog\/\",\"name\":\"Exp\u00e9rience Pal\u00e9o - Adoptez le r\u00e9gime pal\u00e9olithique\",\"description\":\"Le r\u00e9gime pal\u00e9o, tout simplement\",\"potentialAction\":[{\"@type\":\"SearchAction\",\"target\":{\"@type\":\"EntryPoint\",\"urlTemplate\":\"https:\/\/experience-paleo.fr\/blog\/?s={search_term_string}\"},\"query-input\":\"required name=search_term_string\"}],\"inLanguage\":\"fr-FR\"}]}<\/script>\n<!-- \/ Yoast SEO plugin. -->","yoast_head_json":{"title":"Bienvenue ! - Exp\u00e9rience Pal\u00e9o - Adoptez le r\u00e9gime pal\u00e9olithique","robots":{"index":"index","follow":"follow","max-snippet":"max-snippet:-1","max-image-preview":"max-image-preview:large","max-video-preview":"max-video-preview:-1"},"canonical":"https:\/\/experience-paleo.fr\/blog\/bienvenue\/","og_locale":"fr_FR","og_type":"article","og_title":"Bienvenue ! - Exp\u00e9rience Pal\u00e9o - Adoptez le r\u00e9gime pal\u00e9olithique","og_description":"Nos modes d&rsquo;alimentation \u00e9voluent tr\u00e8s rapidement\u00a0: nous consommons de plus en plus de produits industriels, qui sont de plus en plus modifi\u00e9s. En parall\u00e8le, les statistiques de nombreuses maladies modernes (ob\u00e9sit\u00e9, cancer, diab\u00e8te, maladies cardiaques, d&rsquo;Alzheimer, de Parkinson, d\u00e9pression, etc.) sont alarmantes, et \u00e0 ce jour, rien ne semble indiquer un ralentissement de la tendance. [&hellip;]","og_url":"https:\/\/experience-paleo.fr\/blog\/bienvenue\/","og_site_name":"Exp\u00e9rience Pal\u00e9o - Adoptez le r\u00e9gime pal\u00e9olithique","article_publisher":"https:\/\/facebook.com\/experiencePaleo","twitter_card":"summary_large_image","twitter_misc":{"Dur\u00e9e de lecture estim\u00e9e":"1 minute"},"schema":{"@context":"https:\/\/schema.org","@graph":[{"@type":"WebPage","@id":"https:\/\/experience-paleo.fr\/blog\/bienvenue\/","url":"https:\/\/experience-paleo.fr\/blog\/bienvenue\/","name":"Bienvenue ! - Exp\u00e9rience Pal\u00e9o - Adoptez le r\u00e9gime pal\u00e9olithique","isPartOf":{"@id":"https:\/\/experience-paleo.fr\/blog\/#website"},"datePublished":"2012-02-22T11:22:31+00:00","dateModified":"2012-02-22T11:22:31+00:00","breadcrumb":{"@id":"https:\/\/experience-paleo.fr\/blog\/bienvenue\/#breadcrumb"},"inLanguage":"fr-FR","potentialAction":[{"@type":"ReadAction","target":["https:\/\/experience-paleo.fr\/blog\/bienvenue\/"]}]},{"@type":"BreadcrumbList","@id":"https:\/\/experience-paleo.fr\/blog\/bienvenue\/#breadcrumb","itemListElement":[{"@type":"ListItem","position":1,"name":"Bienvenue !"}]},{"@type":"WebSite","@id":"https:\/\/experience-paleo.fr\/blog\/#website","url":"https:\/\/experience-paleo.fr\/blog\/","name":"Exp\u00e9rience Pal\u00e9o - Adoptez le r\u00e9gime pal\u00e9olithique","description":"Le r\u00e9gime pal\u00e9o, tout simplement","potentialAction":[{"@type":"SearchAction","target":{"@type":"EntryPoint","urlTemplate":"https:\/\/experience-paleo.fr\/blog\/?s={search_term_string}"},"query-input":"required name=search_term_string"}],"inLanguage":"fr-FR"}]}},"_links":{"self":[{"href":"https:\/\/experience-paleo.fr\/blog\/wp-json\/wp\/v2\/pages\/148","targetHints":{"allow":["GET"]}}],"collection":[{"href":"https:\/\/experience-paleo.fr\/blog\/wp-json\/wp\/v2\/pages"}],"about":[{"href":"https:\/\/experience-paleo.fr\/blog\/wp-json\/wp\/v2\/types\/page"}],"author":[{"embeddable":true,"href":"https:\/\/experience-paleo.fr\/blog\/wp-json\/wp\/v2\/users\/1"}],"replies":[{"embeddable":true,"href":"https:\/\/experience-paleo.fr\/blog\/wp-json\/wp\/v2\/comments?post=148"}],"version-history":[{"count":19,"href":"https:\/\/experience-paleo.fr\/blog\/wp-json\/wp\/v2\/pages\/148\/revisions"}],"predecessor-version":[{"id":167,"href":"https:\/\/experience-paleo.fr\/blog\/wp-json\/wp\/v2\/pages\/148\/revisions\/167"}],"wp:attachment":[{"href":"https:\/\/experience-paleo.fr\/blog\/wp-json\/wp\/v2\/media?parent=148"}],"curies":[{"name":"wp","href":"https:\/\/api.w.org\/{rel}","templated":true}]}}