{"id":1925,"date":"2014-01-24T21:05:09","date_gmt":"2014-01-24T20:05:09","guid":{"rendered":"http:\/\/experience-paleo.fr\/blog\/?page_id=1925"},"modified":"2015-12-17T09:27:15","modified_gmt":"2015-12-17T08:27:15","slug":"les-30-premiers-jours-paleo","status":"publish","type":"page","link":"https:\/\/experience-paleo.fr\/blog\/les-30-premiers-jours-paleo\/","title":{"rendered":"Les 30 Premiers Jours Pal\u00e9o"},"content":{"rendered":"<p style=\"text-align: center;\"><strong>Vous voulez faire un essai avec le pal\u00e9o ?<\/strong><\/p>\n<p style=\"text-align: center;\"><strong>Vous \u00eates perdu et ne savez pas par o\u00f9 commencer ?<\/strong><\/p>\n<p style=\"text-align: left;\">Le livre <a href=\"http:\/\/votre-experience-paleo.fr\/les-30-premiers-jours-paleo\/\">Les 30 Premiers Jours Pal\u00e9o<\/a>\u00a0a \u00e9t\u00e9 \u00e9crit pour vous !<\/p>\n<p>Il sera votre meilleur compagnon pour d\u00e9buter avec le mode de vie pal\u00e9o.<\/p>\n<p>C\u2019est\u00a0<strong>un plan efficace et clair<\/strong>\u00a0pour les personnes qui ont d\u00e9cid\u00e9 de prendre en main leur poids et leur sant\u00e9.<\/p>\n<p>Il vous guidera dans toutes les phases de votre transition vers le pal\u00e9o,<strong>\u00a0pas \u00e0 pas<\/strong>.<\/p>\n<p>Un seul objectif\u00a0:<strong>\u00a0vous donner les cl\u00e9s pour retrouver la ligne et la sant\u00e9.<\/strong><\/p>\n<p>Pour cela, vous trouverez dans ce guide pratique\u00a0<strong>tous les outils n\u00e9cessaires<\/strong>\u00a0(plan de menu pour un mois, liste de course correspondante, id\u00e9es repas, recettes, &#8230;),\u00a0<strong>de nombreux conseils<\/strong>\u00a0bas\u00e9s sur mon exp\u00e9rience du sujet, et bien plus encore\u00a0!<\/p>\n<p>Cliquez sur l&rsquo;image pour plus d&rsquo;information :<\/p>\n<p style=\"text-align: center;\"><a href=\"http:\/\/votre-experience-paleo.fr\/les-30-premiers-jours-paleo\/\"><img loading=\"lazy\" decoding=\"async\" class=\"size-medium wp-image-1802 aligncenter\" src=\"http:\/\/experience-paleo.fr\/blog\/wp-content\/uploads\/2013\/12\/cover3D-300x240.jpg\" alt=\"Les 30 Premiers Jours Pal\u00e9o, disponible en PDF\" width=\"300\" height=\"240\" srcset=\"https:\/\/experience-paleo.fr\/blog\/wp-content\/uploads\/2013\/12\/cover3D-300x240.jpg 300w, https:\/\/experience-paleo.fr\/blog\/wp-content\/uploads\/2013\/12\/cover3D-1024x819.jpg 1024w, https:\/\/experience-paleo.fr\/blog\/wp-content\/uploads\/2013\/12\/cover3D.jpg 1280w\" sizes=\"auto, (max-width: 300px) 100vw, 300px\" \/><\/a><\/p>\n<p>&nbsp;<\/p>\n<p>Ps: Si vous vous\u00a0<a title=\"Inscription \u00e0 la newsletter\" href=\"http:\/\/experience-paleo.fr\/blog\/inscription-newsletter\/\">abonnez au blog<\/a>,\u00a0vous pourrez recevoir\u00a0<strong>un extrait du livre<\/strong>.<\/p>\n","protected":false},"excerpt":{"rendered":"<p>Vous voulez faire un essai avec le pal\u00e9o ? Vous \u00eates perdu et ne savez pas par o\u00f9 commencer ? Le livre Les 30 Premiers Jours Pal\u00e9o\u00a0a \u00e9t\u00e9 \u00e9crit pour vous ! Il sera votre meilleur compagnon pour d\u00e9buter avec le mode de vie pal\u00e9o. C\u2019est\u00a0un plan efficace et clair\u00a0pour les personnes qui ont d\u00e9cid\u00e9 [&hellip;]<\/p>\n","protected":false},"author":1,"featured_media":0,"parent":0,"menu_order":0,"comment_status":"open","ping_status":"open","template":"","meta":{"wprm-recipe-roundup-name":"","wprm-recipe-roundup-description":"","_genesis_hide_title":false,"_genesis_hide_breadcrumbs":false,"_genesis_hide_singular_image":false,"_genesis_hide_footer_widgets":false,"_genesis_custom_body_class":"","_genesis_custom_post_class":"","_genesis_layout":"full-width-content","footnotes":""},"class_list":{"0":"post-1925","1":"page","2":"type-page","3":"status-publish","5":"entry"},"yoast_head":"<!-- This site is optimized with the Yoast SEO plugin v19.5.1 - https:\/\/yoast.com\/wordpress\/plugins\/seo\/ -->\n<title>Les 30 Premiers Jours Pal\u00e9o - Exp\u00e9rience Pal\u00e9o - Adoptez le r\u00e9gime pal\u00e9olithique<\/title>\n<meta name=\"robots\" content=\"index, follow, max-snippet:-1, max-image-preview:large, max-video-preview:-1\" \/>\n<link rel=\"canonical\" href=\"https:\/\/experience-paleo.fr\/blog\/les-30-premiers-jours-paleo\/\" \/>\n<meta property=\"og:locale\" content=\"fr_FR\" \/>\n<meta property=\"og:type\" content=\"article\" \/>\n<meta property=\"og:title\" content=\"Les 30 Premiers Jours Pal\u00e9o - Exp\u00e9rience Pal\u00e9o - Adoptez le r\u00e9gime pal\u00e9olithique\" \/>\n<meta property=\"og:description\" content=\"Vous voulez faire un essai avec le pal\u00e9o ? Vous \u00eates perdu et ne savez pas par o\u00f9 commencer ? Le livre Les 30 Premiers Jours Pal\u00e9o\u00a0a \u00e9t\u00e9 \u00e9crit pour vous ! Il sera votre meilleur compagnon pour d\u00e9buter avec le mode de vie pal\u00e9o. C\u2019est\u00a0un plan efficace et clair\u00a0pour les personnes qui ont d\u00e9cid\u00e9 [&hellip;]\" \/>\n<meta property=\"og:url\" content=\"https:\/\/experience-paleo.fr\/blog\/les-30-premiers-jours-paleo\/\" \/>\n<meta property=\"og:site_name\" content=\"Exp\u00e9rience Pal\u00e9o - Adoptez le r\u00e9gime pal\u00e9olithique\" \/>\n<meta property=\"article:publisher\" content=\"https:\/\/facebook.com\/experiencePaleo\" \/>\n<meta property=\"article:modified_time\" content=\"2015-12-17T08:27:15+00:00\" \/>\n<meta property=\"og:image\" content=\"http:\/\/experience-paleo.fr\/blog\/wp-content\/uploads\/2013\/12\/cover3D-300x240.jpg\" \/>\n<meta name=\"twitter:card\" content=\"summary_large_image\" \/>\n<meta name=\"twitter:label1\" content=\"Dur\u00e9e de lecture estim\u00e9e\" \/>\n\t<meta name=\"twitter:data1\" content=\"1 minute\" \/>\n<script type=\"application\/ld+json\" class=\"yoast-schema-graph\">{\"@context\":\"https:\/\/schema.org\",\"@graph\":[{\"@type\":\"WebPage\",\"@id\":\"https:\/\/experience-paleo.fr\/blog\/les-30-premiers-jours-paleo\/\",\"url\":\"https:\/\/experience-paleo.fr\/blog\/les-30-premiers-jours-paleo\/\",\"name\":\"Les 30 Premiers Jours Pal\u00e9o - Exp\u00e9rience Pal\u00e9o - Adoptez le r\u00e9gime pal\u00e9olithique\",\"isPartOf\":{\"@id\":\"https:\/\/experience-paleo.fr\/blog\/#website\"},\"datePublished\":\"2014-01-24T20:05:09+00:00\",\"dateModified\":\"2015-12-17T08:27:15+00:00\",\"breadcrumb\":{\"@id\":\"https:\/\/experience-paleo.fr\/blog\/les-30-premiers-jours-paleo\/#breadcrumb\"},\"inLanguage\":\"fr-FR\",\"potentialAction\":[{\"@type\":\"ReadAction\",\"target\":[\"https:\/\/experience-paleo.fr\/blog\/les-30-premiers-jours-paleo\/\"]}]},{\"@type\":\"BreadcrumbList\",\"@id\":\"https:\/\/experience-paleo.fr\/blog\/les-30-premiers-jours-paleo\/#breadcrumb\",\"itemListElement\":[{\"@type\":\"ListItem\",\"position\":1,\"name\":\"Les 30 Premiers Jours Pal\u00e9o\"}]},{\"@type\":\"WebSite\",\"@id\":\"https:\/\/experience-paleo.fr\/blog\/#website\",\"url\":\"https:\/\/experience-paleo.fr\/blog\/\",\"name\":\"Exp\u00e9rience Pal\u00e9o - Adoptez le r\u00e9gime pal\u00e9olithique\",\"description\":\"Le r\u00e9gime pal\u00e9o, tout simplement\",\"potentialAction\":[{\"@type\":\"SearchAction\",\"target\":{\"@type\":\"EntryPoint\",\"urlTemplate\":\"https:\/\/experience-paleo.fr\/blog\/?s={search_term_string}\"},\"query-input\":\"required name=search_term_string\"}],\"inLanguage\":\"fr-FR\"}]}<\/script>\n<!-- \/ Yoast SEO plugin. -->","yoast_head_json":{"title":"Les 30 Premiers Jours Pal\u00e9o - Exp\u00e9rience Pal\u00e9o - Adoptez le r\u00e9gime pal\u00e9olithique","robots":{"index":"index","follow":"follow","max-snippet":"max-snippet:-1","max-image-preview":"max-image-preview:large","max-video-preview":"max-video-preview:-1"},"canonical":"https:\/\/experience-paleo.fr\/blog\/les-30-premiers-jours-paleo\/","og_locale":"fr_FR","og_type":"article","og_title":"Les 30 Premiers Jours Pal\u00e9o - Exp\u00e9rience Pal\u00e9o - Adoptez le r\u00e9gime pal\u00e9olithique","og_description":"Vous voulez faire un essai avec le pal\u00e9o ? Vous \u00eates perdu et ne savez pas par o\u00f9 commencer ? Le livre Les 30 Premiers Jours Pal\u00e9o\u00a0a \u00e9t\u00e9 \u00e9crit pour vous ! Il sera votre meilleur compagnon pour d\u00e9buter avec le mode de vie pal\u00e9o. C\u2019est\u00a0un plan efficace et clair\u00a0pour les personnes qui ont d\u00e9cid\u00e9 [&hellip;]","og_url":"https:\/\/experience-paleo.fr\/blog\/les-30-premiers-jours-paleo\/","og_site_name":"Exp\u00e9rience Pal\u00e9o - Adoptez le r\u00e9gime pal\u00e9olithique","article_publisher":"https:\/\/facebook.com\/experiencePaleo","article_modified_time":"2015-12-17T08:27:15+00:00","og_image":[{"url":"http:\/\/experience-paleo.fr\/blog\/wp-content\/uploads\/2013\/12\/cover3D-300x240.jpg"}],"twitter_card":"summary_large_image","twitter_misc":{"Dur\u00e9e de lecture estim\u00e9e":"1 minute"},"schema":{"@context":"https:\/\/schema.org","@graph":[{"@type":"WebPage","@id":"https:\/\/experience-paleo.fr\/blog\/les-30-premiers-jours-paleo\/","url":"https:\/\/experience-paleo.fr\/blog\/les-30-premiers-jours-paleo\/","name":"Les 30 Premiers Jours Pal\u00e9o - Exp\u00e9rience Pal\u00e9o - Adoptez le r\u00e9gime pal\u00e9olithique","isPartOf":{"@id":"https:\/\/experience-paleo.fr\/blog\/#website"},"datePublished":"2014-01-24T20:05:09+00:00","dateModified":"2015-12-17T08:27:15+00:00","breadcrumb":{"@id":"https:\/\/experience-paleo.fr\/blog\/les-30-premiers-jours-paleo\/#breadcrumb"},"inLanguage":"fr-FR","potentialAction":[{"@type":"ReadAction","target":["https:\/\/experience-paleo.fr\/blog\/les-30-premiers-jours-paleo\/"]}]},{"@type":"BreadcrumbList","@id":"https:\/\/experience-paleo.fr\/blog\/les-30-premiers-jours-paleo\/#breadcrumb","itemListElement":[{"@type":"ListItem","position":1,"name":"Les 30 Premiers Jours Pal\u00e9o"}]},{"@type":"WebSite","@id":"https:\/\/experience-paleo.fr\/blog\/#website","url":"https:\/\/experience-paleo.fr\/blog\/","name":"Exp\u00e9rience Pal\u00e9o - Adoptez le r\u00e9gime pal\u00e9olithique","description":"Le r\u00e9gime pal\u00e9o, tout simplement","potentialAction":[{"@type":"SearchAction","target":{"@type":"EntryPoint","urlTemplate":"https:\/\/experience-paleo.fr\/blog\/?s={search_term_string}"},"query-input":"required name=search_term_string"}],"inLanguage":"fr-FR"}]}},"_links":{"self":[{"href":"https:\/\/experience-paleo.fr\/blog\/wp-json\/wp\/v2\/pages\/1925","targetHints":{"allow":["GET"]}}],"collection":[{"href":"https:\/\/experience-paleo.fr\/blog\/wp-json\/wp\/v2\/pages"}],"about":[{"href":"https:\/\/experience-paleo.fr\/blog\/wp-json\/wp\/v2\/types\/page"}],"author":[{"embeddable":true,"href":"https:\/\/experience-paleo.fr\/blog\/wp-json\/wp\/v2\/users\/1"}],"replies":[{"embeddable":true,"href":"https:\/\/experience-paleo.fr\/blog\/wp-json\/wp\/v2\/comments?post=1925"}],"version-history":[{"count":12,"href":"https:\/\/experience-paleo.fr\/blog\/wp-json\/wp\/v2\/pages\/1925\/revisions"}],"predecessor-version":[{"id":3891,"href":"https:\/\/experience-paleo.fr\/blog\/wp-json\/wp\/v2\/pages\/1925\/revisions\/3891"}],"wp:attachment":[{"href":"https:\/\/experience-paleo.fr\/blog\/wp-json\/wp\/v2\/media?parent=1925"}],"curies":[{"name":"wp","href":"https:\/\/api.w.org\/{rel}","templated":true}]}}