{"id":2527,"date":"2014-08-15T23:38:01","date_gmt":"2014-08-15T21:38:01","guid":{"rendered":"http:\/\/experience-paleo.fr\/blog\/?page_id=2527"},"modified":"2014-08-15T23:38:01","modified_gmt":"2014-08-15T21:38:01","slug":"glucides-regime-paleolithique","status":"publish","type":"page","link":"https:\/\/experience-paleo.fr\/blog\/glucides-regime-paleolithique\/","title":{"rendered":"Sources de glucides du r\u00e9gime pal\u00e9olithique"},"content":{"rendered":"<p>Retrouvez sur cette page, en PDF, les\u00a0<strong>principales sources de glucides dans l\u2019alimentation pal\u00e9olithique :<\/strong><\/p>\n<p style=\"text-align: center;\"><strong>T\u00e9l\u00e9charger ici la fiche <br \/><a href=\"http:\/\/experience-paleo.fr\/blog\/glucides-paleo.pdf\">Les principales sources de glucides du r\u00e9gime pal\u00e9o<\/a><\/strong><\/p>\n<h2>Et pour bien utiliser cette fiche<\/h2>\n<p>Cette fiche vient en compl\u00e9ment des trois articles suivants :<\/p>\n<ul>\n<li><a title=\"Glucides\u00a0et pal\u00e9o : l\u2019art de trouver l\u2019\u00e9quilibre\" href=\"http:\/\/experience-paleo.fr\/blog\/sport-quantite-glucides-paleo\/\">Glucides et Pal\u00e9o : L\u2019art de trouver l\u2019\u00e9quilibre<\/a><\/li>\n<li><a title=\"Glucides et pal\u00e9o : 4 Profils pour se situer\" href=\"http:\/\/experience-paleo.fr\/blog\/glucides-paleo-profils-se-situer\/\">Glucides et Pal\u00e9o : Quatre Profils pour se situer<\/a><\/li>\n<li><a title=\"Les sources de glucides du r\u00e9gime pal\u00e9olithique\" href=\"http:\/\/experience-paleo.fr\/blog\/sources-glucides-regime-paleolithique\/\">Les principales sources de glucides dans l&rsquo;alimentation pal\u00e9olithique<\/a><\/li>\n<\/ul>\n<p>Si vous avez des remarques sur cette fiche ou des propositions d\u2019am\u00e9lioration, je suis \u00e0 votre \u00e9coute dans la section commentaires ci-dessous\u00a0<img decoding=\"async\" alt=\":)\" src=\"http:\/\/experience-paleo.fr\/blog\/wp-includes\/images\/smilies\/icon_smile.gif\" \/><\/p>\n","protected":false},"excerpt":{"rendered":"<p>Retrouvez sur cette page, en PDF, les\u00a0principales sources de glucides dans l\u2019alimentation pal\u00e9olithique : T\u00e9l\u00e9charger ici la fiche Les principales sources de glucides du r\u00e9gime pal\u00e9o Et pour bien utiliser cette fiche Cette fiche vient en compl\u00e9ment des trois articles suivants : Glucides et Pal\u00e9o : L\u2019art de trouver l\u2019\u00e9quilibre Glucides et Pal\u00e9o : Quatre [&hellip;]<\/p>\n","protected":false},"author":1,"featured_media":0,"parent":0,"menu_order":0,"comment_status":"open","ping_status":"open","template":"","meta":{"wprm-recipe-roundup-name":"","wprm-recipe-roundup-description":"","_genesis_hide_title":false,"_genesis_hide_breadcrumbs":false,"_genesis_hide_singular_image":false,"_genesis_hide_footer_widgets":false,"_genesis_custom_body_class":"","_genesis_custom_post_class":"","_genesis_layout":"","footnotes":""},"class_list":{"0":"post-2527","1":"page","2":"type-page","3":"status-publish","5":"entry"},"yoast_head":"<!-- This site is optimized with the Yoast SEO plugin v19.5.1 - https:\/\/yoast.com\/wordpress\/plugins\/seo\/ -->\n<title>Sources de glucides du r\u00e9gime pal\u00e9olithique - Exp\u00e9rience Pal\u00e9o - Adoptez le r\u00e9gime pal\u00e9olithique<\/title>\n<meta name=\"robots\" content=\"index, follow, max-snippet:-1, max-image-preview:large, max-video-preview:-1\" \/>\n<link rel=\"canonical\" href=\"https:\/\/experience-paleo.fr\/blog\/glucides-regime-paleolithique\/\" \/>\n<meta property=\"og:locale\" content=\"fr_FR\" \/>\n<meta property=\"og:type\" content=\"article\" \/>\n<meta property=\"og:title\" content=\"Sources de glucides du r\u00e9gime pal\u00e9olithique - Exp\u00e9rience Pal\u00e9o - Adoptez le r\u00e9gime pal\u00e9olithique\" \/>\n<meta property=\"og:description\" content=\"Retrouvez sur cette page, en PDF, les\u00a0principales sources de glucides dans l\u2019alimentation pal\u00e9olithique : T\u00e9l\u00e9charger ici la fiche Les principales sources de glucides du r\u00e9gime pal\u00e9o Et pour bien utiliser cette fiche Cette fiche vient en compl\u00e9ment des trois articles suivants : Glucides et Pal\u00e9o : L\u2019art de trouver l\u2019\u00e9quilibre Glucides et Pal\u00e9o : Quatre [&hellip;]\" \/>\n<meta property=\"og:url\" content=\"https:\/\/experience-paleo.fr\/blog\/glucides-regime-paleolithique\/\" \/>\n<meta property=\"og:site_name\" content=\"Exp\u00e9rience Pal\u00e9o - Adoptez le r\u00e9gime pal\u00e9olithique\" \/>\n<meta property=\"article:publisher\" content=\"https:\/\/facebook.com\/experiencePaleo\" \/>\n<meta property=\"og:image\" content=\"http:\/\/experience-paleo.fr\/blog\/wp-includes\/images\/smilies\/icon_smile.gif\" \/>\n<meta name=\"twitter:card\" content=\"summary_large_image\" \/>\n<script type=\"application\/ld+json\" class=\"yoast-schema-graph\">{\"@context\":\"https:\/\/schema.org\",\"@graph\":[{\"@type\":\"WebPage\",\"@id\":\"https:\/\/experience-paleo.fr\/blog\/glucides-regime-paleolithique\/\",\"url\":\"https:\/\/experience-paleo.fr\/blog\/glucides-regime-paleolithique\/\",\"name\":\"Sources de glucides du r\u00e9gime pal\u00e9olithique - Exp\u00e9rience Pal\u00e9o - Adoptez le r\u00e9gime pal\u00e9olithique\",\"isPartOf\":{\"@id\":\"https:\/\/experience-paleo.fr\/blog\/#website\"},\"datePublished\":\"2014-08-15T21:38:01+00:00\",\"dateModified\":\"2014-08-15T21:38:01+00:00\",\"breadcrumb\":{\"@id\":\"https:\/\/experience-paleo.fr\/blog\/glucides-regime-paleolithique\/#breadcrumb\"},\"inLanguage\":\"fr-FR\",\"potentialAction\":[{\"@type\":\"ReadAction\",\"target\":[\"https:\/\/experience-paleo.fr\/blog\/glucides-regime-paleolithique\/\"]}]},{\"@type\":\"BreadcrumbList\",\"@id\":\"https:\/\/experience-paleo.fr\/blog\/glucides-regime-paleolithique\/#breadcrumb\",\"itemListElement\":[{\"@type\":\"ListItem\",\"position\":1,\"name\":\"Sources de glucides du r\u00e9gime pal\u00e9olithique\"}]},{\"@type\":\"WebSite\",\"@id\":\"https:\/\/experience-paleo.fr\/blog\/#website\",\"url\":\"https:\/\/experience-paleo.fr\/blog\/\",\"name\":\"Exp\u00e9rience Pal\u00e9o - Adoptez le r\u00e9gime pal\u00e9olithique\",\"description\":\"Le r\u00e9gime pal\u00e9o, tout simplement\",\"potentialAction\":[{\"@type\":\"SearchAction\",\"target\":{\"@type\":\"EntryPoint\",\"urlTemplate\":\"https:\/\/experience-paleo.fr\/blog\/?s={search_term_string}\"},\"query-input\":\"required name=search_term_string\"}],\"inLanguage\":\"fr-FR\"}]}<\/script>\n<!-- \/ Yoast SEO plugin. -->","yoast_head_json":{"title":"Sources de glucides du r\u00e9gime pal\u00e9olithique - Exp\u00e9rience Pal\u00e9o - Adoptez le r\u00e9gime pal\u00e9olithique","robots":{"index":"index","follow":"follow","max-snippet":"max-snippet:-1","max-image-preview":"max-image-preview:large","max-video-preview":"max-video-preview:-1"},"canonical":"https:\/\/experience-paleo.fr\/blog\/glucides-regime-paleolithique\/","og_locale":"fr_FR","og_type":"article","og_title":"Sources de glucides du r\u00e9gime pal\u00e9olithique - Exp\u00e9rience Pal\u00e9o - Adoptez le r\u00e9gime pal\u00e9olithique","og_description":"Retrouvez sur cette page, en PDF, les\u00a0principales sources de glucides dans l\u2019alimentation pal\u00e9olithique : T\u00e9l\u00e9charger ici la fiche Les principales sources de glucides du r\u00e9gime pal\u00e9o Et pour bien utiliser cette fiche Cette fiche vient en compl\u00e9ment des trois articles suivants : Glucides et Pal\u00e9o : L\u2019art de trouver l\u2019\u00e9quilibre Glucides et Pal\u00e9o : Quatre [&hellip;]","og_url":"https:\/\/experience-paleo.fr\/blog\/glucides-regime-paleolithique\/","og_site_name":"Exp\u00e9rience Pal\u00e9o - Adoptez le r\u00e9gime pal\u00e9olithique","article_publisher":"https:\/\/facebook.com\/experiencePaleo","og_image":[{"url":"http:\/\/experience-paleo.fr\/blog\/wp-includes\/images\/smilies\/icon_smile.gif"}],"twitter_card":"summary_large_image","schema":{"@context":"https:\/\/schema.org","@graph":[{"@type":"WebPage","@id":"https:\/\/experience-paleo.fr\/blog\/glucides-regime-paleolithique\/","url":"https:\/\/experience-paleo.fr\/blog\/glucides-regime-paleolithique\/","name":"Sources de glucides du r\u00e9gime pal\u00e9olithique - Exp\u00e9rience Pal\u00e9o - Adoptez le r\u00e9gime pal\u00e9olithique","isPartOf":{"@id":"https:\/\/experience-paleo.fr\/blog\/#website"},"datePublished":"2014-08-15T21:38:01+00:00","dateModified":"2014-08-15T21:38:01+00:00","breadcrumb":{"@id":"https:\/\/experience-paleo.fr\/blog\/glucides-regime-paleolithique\/#breadcrumb"},"inLanguage":"fr-FR","potentialAction":[{"@type":"ReadAction","target":["https:\/\/experience-paleo.fr\/blog\/glucides-regime-paleolithique\/"]}]},{"@type":"BreadcrumbList","@id":"https:\/\/experience-paleo.fr\/blog\/glucides-regime-paleolithique\/#breadcrumb","itemListElement":[{"@type":"ListItem","position":1,"name":"Sources de glucides du r\u00e9gime pal\u00e9olithique"}]},{"@type":"WebSite","@id":"https:\/\/experience-paleo.fr\/blog\/#website","url":"https:\/\/experience-paleo.fr\/blog\/","name":"Exp\u00e9rience Pal\u00e9o - Adoptez le r\u00e9gime pal\u00e9olithique","description":"Le r\u00e9gime pal\u00e9o, tout simplement","potentialAction":[{"@type":"SearchAction","target":{"@type":"EntryPoint","urlTemplate":"https:\/\/experience-paleo.fr\/blog\/?s={search_term_string}"},"query-input":"required name=search_term_string"}],"inLanguage":"fr-FR"}]}},"_links":{"self":[{"href":"https:\/\/experience-paleo.fr\/blog\/wp-json\/wp\/v2\/pages\/2527","targetHints":{"allow":["GET"]}}],"collection":[{"href":"https:\/\/experience-paleo.fr\/blog\/wp-json\/wp\/v2\/pages"}],"about":[{"href":"https:\/\/experience-paleo.fr\/blog\/wp-json\/wp\/v2\/types\/page"}],"author":[{"embeddable":true,"href":"https:\/\/experience-paleo.fr\/blog\/wp-json\/wp\/v2\/users\/1"}],"replies":[{"embeddable":true,"href":"https:\/\/experience-paleo.fr\/blog\/wp-json\/wp\/v2\/comments?post=2527"}],"version-history":[{"count":8,"href":"https:\/\/experience-paleo.fr\/blog\/wp-json\/wp\/v2\/pages\/2527\/revisions"}],"predecessor-version":[{"id":2536,"href":"https:\/\/experience-paleo.fr\/blog\/wp-json\/wp\/v2\/pages\/2527\/revisions\/2536"}],"wp:attachment":[{"href":"https:\/\/experience-paleo.fr\/blog\/wp-json\/wp\/v2\/media?parent=2527"}],"curies":[{"name":"wp","href":"https:\/\/api.w.org\/{rel}","templated":true}]}}