{"id":26,"date":"2012-02-20T13:44:39","date_gmt":"2012-02-20T12:44:39","guid":{"rendered":"http:\/\/experience-paleo.fr\/?page_id=26"},"modified":"2012-03-29T06:25:55","modified_gmt":"2012-03-29T04:25:55","slug":"faq","status":"publish","type":"page","link":"https:\/\/experience-paleo.fr\/blog\/faq\/","title":{"rendered":"FAQ"},"content":{"rendered":"<p>Sur cette page, retrouvez les questions les plus fr\u00e9quemment pos\u00e9es. Si vous ne trouvez pas r\u00e9ponse \u00e0 votre question, n&rsquo;h\u00e9sitez pas \u00e0 <a title=\"Contact\" href=\"http:\/\/experience-paleo.fr\/contact\/\">me contacter<\/a>.<\/p>\n<p>[qa cat=\u00a0\u00bbgeneral\u00a0\u00bb]<br \/>\n[qa cat=\u00a0\u00bbau-quotidien\u00a0\u00bb]<br \/>\n[qa cat=\u00a0\u00bbpoids\u00a0\u00bb]<\/p>\n","protected":false},"excerpt":{"rendered":"<p>Sur cette page, retrouvez les questions les plus fr\u00e9quemment pos\u00e9es. Si vous ne trouvez pas r\u00e9ponse \u00e0 votre question, n&rsquo;h\u00e9sitez pas \u00e0 me contacter. [qa cat=\u00a0\u00bbgeneral\u00a0\u00bb] [qa cat=\u00a0\u00bbau-quotidien\u00a0\u00bb] [qa cat=\u00a0\u00bbpoids\u00a0\u00bb]<\/p>\n","protected":false},"author":1,"featured_media":0,"parent":0,"menu_order":0,"comment_status":"open","ping_status":"open","template":"","meta":{"wprm-recipe-roundup-name":"","wprm-recipe-roundup-description":"","_genesis_hide_title":false,"_genesis_hide_breadcrumbs":false,"_genesis_hide_singular_image":false,"_genesis_hide_footer_widgets":false,"_genesis_custom_body_class":"","_genesis_custom_post_class":"","_genesis_layout":"","footnotes":""},"class_list":{"0":"post-26","1":"page","2":"type-page","3":"status-publish","5":"entry"},"yoast_head":"<!-- This site is optimized with the Yoast SEO plugin v19.5.1 - https:\/\/yoast.com\/wordpress\/plugins\/seo\/ -->\n<title>FAQ - Exp\u00e9rience Pal\u00e9o - Adoptez le r\u00e9gime pal\u00e9olithique<\/title>\n<meta name=\"robots\" content=\"index, follow, max-snippet:-1, max-image-preview:large, max-video-preview:-1\" \/>\n<link rel=\"canonical\" href=\"https:\/\/experience-paleo.fr\/blog\/faq\/\" \/>\n<meta property=\"og:locale\" content=\"fr_FR\" \/>\n<meta property=\"og:type\" content=\"article\" \/>\n<meta property=\"og:title\" content=\"FAQ - Exp\u00e9rience Pal\u00e9o - Adoptez le r\u00e9gime pal\u00e9olithique\" \/>\n<meta property=\"og:description\" content=\"Sur cette page, retrouvez les questions les plus fr\u00e9quemment pos\u00e9es. Si vous ne trouvez pas r\u00e9ponse \u00e0 votre question, n&rsquo;h\u00e9sitez pas \u00e0 me contacter. [qa cat=\u00a0\u00bbgeneral\u00a0\u00bb] [qa cat=\u00a0\u00bbau-quotidien\u00a0\u00bb] [qa cat=\u00a0\u00bbpoids\u00a0\u00bb]\" \/>\n<meta property=\"og:url\" content=\"https:\/\/experience-paleo.fr\/blog\/faq\/\" \/>\n<meta property=\"og:site_name\" content=\"Exp\u00e9rience Pal\u00e9o - Adoptez le r\u00e9gime pal\u00e9olithique\" \/>\n<meta property=\"article:publisher\" content=\"https:\/\/facebook.com\/experiencePaleo\" \/>\n<meta property=\"article:modified_time\" content=\"2012-03-29T04:25:55+00:00\" \/>\n<meta name=\"twitter:card\" content=\"summary_large_image\" \/>\n<script type=\"application\/ld+json\" class=\"yoast-schema-graph\">{\"@context\":\"https:\/\/schema.org\",\"@graph\":[{\"@type\":\"WebPage\",\"@id\":\"https:\/\/experience-paleo.fr\/blog\/faq\/\",\"url\":\"https:\/\/experience-paleo.fr\/blog\/faq\/\",\"name\":\"FAQ - Exp\u00e9rience Pal\u00e9o - Adoptez le r\u00e9gime pal\u00e9olithique\",\"isPartOf\":{\"@id\":\"https:\/\/experience-paleo.fr\/blog\/#website\"},\"datePublished\":\"2012-02-20T12:44:39+00:00\",\"dateModified\":\"2012-03-29T04:25:55+00:00\",\"breadcrumb\":{\"@id\":\"https:\/\/experience-paleo.fr\/blog\/faq\/#breadcrumb\"},\"inLanguage\":\"fr-FR\",\"potentialAction\":[{\"@type\":\"ReadAction\",\"target\":[\"https:\/\/experience-paleo.fr\/blog\/faq\/\"]}]},{\"@type\":\"BreadcrumbList\",\"@id\":\"https:\/\/experience-paleo.fr\/blog\/faq\/#breadcrumb\",\"itemListElement\":[{\"@type\":\"ListItem\",\"position\":1,\"name\":\"FAQ\"}]},{\"@type\":\"WebSite\",\"@id\":\"https:\/\/experience-paleo.fr\/blog\/#website\",\"url\":\"https:\/\/experience-paleo.fr\/blog\/\",\"name\":\"Exp\u00e9rience Pal\u00e9o - Adoptez le r\u00e9gime pal\u00e9olithique\",\"description\":\"Le r\u00e9gime pal\u00e9o, tout simplement\",\"potentialAction\":[{\"@type\":\"SearchAction\",\"target\":{\"@type\":\"EntryPoint\",\"urlTemplate\":\"https:\/\/experience-paleo.fr\/blog\/?s={search_term_string}\"},\"query-input\":\"required name=search_term_string\"}],\"inLanguage\":\"fr-FR\"}]}<\/script>\n<!-- \/ Yoast SEO plugin. -->","yoast_head_json":{"title":"FAQ - Exp\u00e9rience Pal\u00e9o - Adoptez le r\u00e9gime pal\u00e9olithique","robots":{"index":"index","follow":"follow","max-snippet":"max-snippet:-1","max-image-preview":"max-image-preview:large","max-video-preview":"max-video-preview:-1"},"canonical":"https:\/\/experience-paleo.fr\/blog\/faq\/","og_locale":"fr_FR","og_type":"article","og_title":"FAQ - Exp\u00e9rience Pal\u00e9o - Adoptez le r\u00e9gime pal\u00e9olithique","og_description":"Sur cette page, retrouvez les questions les plus fr\u00e9quemment pos\u00e9es. Si vous ne trouvez pas r\u00e9ponse \u00e0 votre question, n&rsquo;h\u00e9sitez pas \u00e0 me contacter. [qa cat=\u00a0\u00bbgeneral\u00a0\u00bb] [qa cat=\u00a0\u00bbau-quotidien\u00a0\u00bb] [qa cat=\u00a0\u00bbpoids\u00a0\u00bb]","og_url":"https:\/\/experience-paleo.fr\/blog\/faq\/","og_site_name":"Exp\u00e9rience Pal\u00e9o - Adoptez le r\u00e9gime pal\u00e9olithique","article_publisher":"https:\/\/facebook.com\/experiencePaleo","article_modified_time":"2012-03-29T04:25:55+00:00","twitter_card":"summary_large_image","schema":{"@context":"https:\/\/schema.org","@graph":[{"@type":"WebPage","@id":"https:\/\/experience-paleo.fr\/blog\/faq\/","url":"https:\/\/experience-paleo.fr\/blog\/faq\/","name":"FAQ - Exp\u00e9rience Pal\u00e9o - Adoptez le r\u00e9gime pal\u00e9olithique","isPartOf":{"@id":"https:\/\/experience-paleo.fr\/blog\/#website"},"datePublished":"2012-02-20T12:44:39+00:00","dateModified":"2012-03-29T04:25:55+00:00","breadcrumb":{"@id":"https:\/\/experience-paleo.fr\/blog\/faq\/#breadcrumb"},"inLanguage":"fr-FR","potentialAction":[{"@type":"ReadAction","target":["https:\/\/experience-paleo.fr\/blog\/faq\/"]}]},{"@type":"BreadcrumbList","@id":"https:\/\/experience-paleo.fr\/blog\/faq\/#breadcrumb","itemListElement":[{"@type":"ListItem","position":1,"name":"FAQ"}]},{"@type":"WebSite","@id":"https:\/\/experience-paleo.fr\/blog\/#website","url":"https:\/\/experience-paleo.fr\/blog\/","name":"Exp\u00e9rience Pal\u00e9o - Adoptez le r\u00e9gime pal\u00e9olithique","description":"Le r\u00e9gime pal\u00e9o, tout simplement","potentialAction":[{"@type":"SearchAction","target":{"@type":"EntryPoint","urlTemplate":"https:\/\/experience-paleo.fr\/blog\/?s={search_term_string}"},"query-input":"required name=search_term_string"}],"inLanguage":"fr-FR"}]}},"_links":{"self":[{"href":"https:\/\/experience-paleo.fr\/blog\/wp-json\/wp\/v2\/pages\/26","targetHints":{"allow":["GET"]}}],"collection":[{"href":"https:\/\/experience-paleo.fr\/blog\/wp-json\/wp\/v2\/pages"}],"about":[{"href":"https:\/\/experience-paleo.fr\/blog\/wp-json\/wp\/v2\/types\/page"}],"author":[{"embeddable":true,"href":"https:\/\/experience-paleo.fr\/blog\/wp-json\/wp\/v2\/users\/1"}],"replies":[{"embeddable":true,"href":"https:\/\/experience-paleo.fr\/blog\/wp-json\/wp\/v2\/comments?post=26"}],"version-history":[{"count":12,"href":"https:\/\/experience-paleo.fr\/blog\/wp-json\/wp\/v2\/pages\/26\/revisions"}],"predecessor-version":[{"id":262,"href":"https:\/\/experience-paleo.fr\/blog\/wp-json\/wp\/v2\/pages\/26\/revisions\/262"}],"wp:attachment":[{"href":"https:\/\/experience-paleo.fr\/blog\/wp-json\/wp\/v2\/media?parent=26"}],"curies":[{"name":"wp","href":"https:\/\/api.w.org\/{rel}","templated":true}]}}