{"id":877,"date":"2012-04-03T05:55:27","date_gmt":"2012-04-03T03:55:27","guid":{"rendered":"http:\/\/experience-paleo.fr\/blog\/?page_id=877"},"modified":"2017-08-23T11:24:22","modified_gmt":"2017-08-23T09:24:22","slug":"plan-de-menu","status":"publish","type":"page","link":"https:\/\/experience-paleo.fr\/blog\/plan-de-menu\/","title":{"rendered":"Plan de menu pour manger pal\u00e9o"},"content":{"rendered":"<p>Vous commencez le r\u00e9gime pal\u00e9o, mais vous n&rsquo;avez pas d&rsquo;<strong>id\u00e9es de repas<\/strong>\u00a0?<\/p>\n<p>Pas de probl\u00e8me\u00a0!<\/p>\n<p>Je vous propose sur<strong>\u00a0un plan de menus couvrant deux semaines<\/strong> de petit-d\u00e9jeuners, d\u00e9jeuners, d\u00eeners et collations\/snacks, afin de\u00a0<strong>vous accompagner dans votre pratique du r\u00e9gime pal\u00e9o<\/strong> au quotidien.<\/p>\n<h2>Des plats simples et rapides \u00e0 pr\u00e9parer<\/h2>\n<p>Je suis parti du principe que <strong>vous avez une vie bien remplie<\/strong> et <strong>peu de temps \u00e0 consacrer \u00e0 la cuisine<\/strong>\u00a0: les plats propos\u00e9s sont donc volontairement <strong>tr\u00e8s simples et rapides \u00e0 pr\u00e9parer<\/strong>.<\/p>\n<p>De plus, ils demandent un <strong>mat\u00e9riel minimal<\/strong> (plaque de cuisson et four).<\/p>\n<p><strong>Note: Ce plan de menus vous donne des id\u00e9es de plats principaux, il faut bien sur adapter les repas \u00e0 votre faim (entr\u00e9e, desserts, etc.) !<\/strong><\/p>\n<h2>Plan de menu pal\u00e9o<\/h2>\n<h3>Semaine 1<\/h3>\n<table class=\"bordure\" width=\"100%\" cellspacing=\"0\" cellpadding=\"4\">\n<colgroup>\n<col width=\"51*\" \/>\n<col width=\"51*\" \/>\n<col width=\"51*\" \/>\n<col width=\"51*\" \/>\n<col width=\"51*\" \/> <\/colgroup>\n<tbody>\n<tr class=\"titre\">\n<td width=\"20%\"><\/td>\n<td class=\"titretd\" width=\"20%\">Petit-d\u00e9jeuner<\/td>\n<td class=\"titretd\" width=\"20%\">D\u00e9jeuner<\/td>\n<td class=\"titretd\" width=\"20%\">Diner<\/td>\n<td class=\"titretd\" width=\"20%\">Snack<\/td>\n<\/tr>\n<tr>\n<td class=\"jour\" width=\"20%\">Lundi<\/td>\n<td width=\"20%\">Fruits rouges et amandes au lait de coco<\/td>\n<td width=\"20%\">Pav\u00e9 de saumon et l\u00e9gumes<\/td>\n<td width=\"20%\"><strong>Pizza pal\u00e9o<\/strong><\/td>\n<td width=\"20%\">Banane et beurre d&rsquo;amande<\/td>\n<\/tr>\n<tr>\n<td class=\"jour\" width=\"20%\">Mardi<\/td>\n<td width=\"20%\">Reste de pizza<\/td>\n<td width=\"20%\">Steack et brocolis vapeur<\/td>\n<td width=\"20%\">Fajitas de poulet<\/td>\n<td width=\"20%\">Fruit<\/td>\n<\/tr>\n<tr>\n<td class=\"jour\" width=\"20%\">Mercredi<\/td>\n<td width=\"20%\">Fruits et jambon de pays<\/td>\n<td width=\"20%\">Coeur de b\u0153uf \u00e9pinards<\/td>\n<td width=\"20%\">Escalope de poulet choux rouge<\/td>\n<td width=\"20%\">Oeuf dur<\/td>\n<\/tr>\n<\/tbody>\n<\/table>\n<h2 style=\"text-align: center;\"><strong>Le reste des deux semaines de menus pal\u00e9o est accessible en deux minutes seulement !<\/strong><\/h2>\n<p>Cliquez sur l&rsquo;image pour recevoir <strong>\u00ab\u00a0Deux semaines de menus pal\u00e9o\u00a0\u00bb<\/strong> :<\/p>\n<span class=\"tve-leads-two-step-trigger tl-2step-trigger-4418\"><img loading=\"lazy\" decoding=\"async\" class=\"aligncenter size-full wp-image-2173\" src=\"http:\/\/experience-paleo.fr\/blog\/wp-content\/uploads\/2012\/04\/DeuxSemainesPaleo2.png\" alt=\"Deux semaines de menus pal\u00e9o en 1 clic !\" width=\"395\" height=\"414\" srcset=\"https:\/\/experience-paleo.fr\/blog\/wp-content\/uploads\/2012\/04\/DeuxSemainesPaleo2.png 395w, https:\/\/experience-paleo.fr\/blog\/wp-content\/uploads\/2012\/04\/DeuxSemainesPaleo2-286x300.png 286w\" sizes=\"auto, (max-width: 395px) 100vw, 395px\" \/><\/span>\n<div class=\"content-box-cta\" style=\"color: #fff;\"><span class=\"tve-leads-two-step-trigger tl-2step-trigger-4418\">Commencez \u00e0 manger pal\u00e9o d\u00e8s ce soir : Recevez Deux Semaines de Menus Pal\u00e9o<\/span><\/div>\n<p>Note : S&rsquo;inscrire sur le site Exp\u00e9rience Pal\u00e9o est 100% gratuit et le restera.<\/p>\n<p style=\"text-align: center;\"><strong>N&rsquo;attendez pas \ud83d\ude42<\/strong><\/p>\n","protected":false},"excerpt":{"rendered":"<p>Vous commencez le r\u00e9gime pal\u00e9o, mais vous n&rsquo;avez pas d&rsquo;id\u00e9es de repas\u00a0? Pas de probl\u00e8me\u00a0! Je vous propose sur\u00a0un plan de menus couvrant deux semaines de petit-d\u00e9jeuners, d\u00e9jeuners, d\u00eeners et collations\/snacks, afin de\u00a0vous accompagner dans votre pratique du r\u00e9gime pal\u00e9o au quotidien. Des plats simples et rapides \u00e0 pr\u00e9parer Je suis parti du principe que [&hellip;]<\/p>\n","protected":false},"author":1,"featured_media":0,"parent":0,"menu_order":0,"comment_status":"open","ping_status":"open","template":"","meta":{"wprm-recipe-roundup-name":"","wprm-recipe-roundup-description":"","_genesis_hide_title":false,"_genesis_hide_breadcrumbs":false,"_genesis_hide_singular_image":false,"_genesis_hide_footer_widgets":false,"_genesis_custom_body_class":"","_genesis_custom_post_class":"","_genesis_layout":"full-width-content","footnotes":""},"class_list":{"0":"post-877","1":"page","2":"type-page","3":"status-publish","5":"entry","6":"has-post-thumbnail"},"yoast_head":"<!-- This site is optimized with the Yoast SEO plugin v19.5.1 - https:\/\/yoast.com\/wordpress\/plugins\/seo\/ -->\n<title>Plan de menu pour manger pal\u00e9o - Exp\u00e9rience Pal\u00e9o - Adoptez le r\u00e9gime pal\u00e9olithique<\/title>\n<meta name=\"robots\" content=\"index, follow, max-snippet:-1, max-image-preview:large, max-video-preview:-1\" \/>\n<link rel=\"canonical\" href=\"https:\/\/experience-paleo.fr\/blog\/plan-de-menu\/\" \/>\n<meta property=\"og:locale\" content=\"fr_FR\" \/>\n<meta property=\"og:type\" content=\"article\" \/>\n<meta property=\"og:title\" content=\"Plan de menu pour manger pal\u00e9o - Exp\u00e9rience Pal\u00e9o - Adoptez le r\u00e9gime pal\u00e9olithique\" \/>\n<meta property=\"og:description\" content=\"Vous commencez le r\u00e9gime pal\u00e9o, mais vous n&rsquo;avez pas d&rsquo;id\u00e9es de repas\u00a0? Pas de probl\u00e8me\u00a0! Je vous propose sur\u00a0un plan de menus couvrant deux semaines de petit-d\u00e9jeuners, d\u00e9jeuners, d\u00eeners et collations\/snacks, afin de\u00a0vous accompagner dans votre pratique du r\u00e9gime pal\u00e9o au quotidien. Des plats simples et rapides \u00e0 pr\u00e9parer Je suis parti du principe que [&hellip;]\" \/>\n<meta property=\"og:url\" content=\"https:\/\/experience-paleo.fr\/blog\/plan-de-menu\/\" \/>\n<meta property=\"og:site_name\" content=\"Exp\u00e9rience Pal\u00e9o - Adoptez le r\u00e9gime pal\u00e9olithique\" \/>\n<meta property=\"article:publisher\" content=\"https:\/\/facebook.com\/experiencePaleo\" \/>\n<meta property=\"article:modified_time\" content=\"2017-08-23T09:24:22+00:00\" \/>\n<meta property=\"og:image\" content=\"http:\/\/experience-paleo.fr\/blog\/wp-content\/uploads\/2012\/04\/DeuxSemainesPaleo2.png\" \/>\n<meta name=\"twitter:card\" content=\"summary_large_image\" \/>\n<meta name=\"twitter:label1\" content=\"Dur\u00e9e de lecture estim\u00e9e\" \/>\n\t<meta name=\"twitter:data1\" content=\"1 minute\" \/>\n<script type=\"application\/ld+json\" class=\"yoast-schema-graph\">{\"@context\":\"https:\/\/schema.org\",\"@graph\":[{\"@type\":\"WebPage\",\"@id\":\"https:\/\/experience-paleo.fr\/blog\/plan-de-menu\/\",\"url\":\"https:\/\/experience-paleo.fr\/blog\/plan-de-menu\/\",\"name\":\"Plan de menu pour manger pal\u00e9o - Exp\u00e9rience Pal\u00e9o - Adoptez le r\u00e9gime pal\u00e9olithique\",\"isPartOf\":{\"@id\":\"https:\/\/experience-paleo.fr\/blog\/#website\"},\"datePublished\":\"2012-04-03T03:55:27+00:00\",\"dateModified\":\"2017-08-23T09:24:22+00:00\",\"breadcrumb\":{\"@id\":\"https:\/\/experience-paleo.fr\/blog\/plan-de-menu\/#breadcrumb\"},\"inLanguage\":\"fr-FR\",\"potentialAction\":[{\"@type\":\"ReadAction\",\"target\":[\"https:\/\/experience-paleo.fr\/blog\/plan-de-menu\/\"]}]},{\"@type\":\"BreadcrumbList\",\"@id\":\"https:\/\/experience-paleo.fr\/blog\/plan-de-menu\/#breadcrumb\",\"itemListElement\":[{\"@type\":\"ListItem\",\"position\":1,\"name\":\"Plan de menu pour manger pal\u00e9o\"}]},{\"@type\":\"WebSite\",\"@id\":\"https:\/\/experience-paleo.fr\/blog\/#website\",\"url\":\"https:\/\/experience-paleo.fr\/blog\/\",\"name\":\"Exp\u00e9rience Pal\u00e9o - Adoptez le r\u00e9gime pal\u00e9olithique\",\"description\":\"Le r\u00e9gime pal\u00e9o, tout simplement\",\"potentialAction\":[{\"@type\":\"SearchAction\",\"target\":{\"@type\":\"EntryPoint\",\"urlTemplate\":\"https:\/\/experience-paleo.fr\/blog\/?s={search_term_string}\"},\"query-input\":\"required name=search_term_string\"}],\"inLanguage\":\"fr-FR\"}]}<\/script>\n<!-- \/ Yoast SEO plugin. -->","yoast_head_json":{"title":"Plan de menu pour manger pal\u00e9o - Exp\u00e9rience Pal\u00e9o - Adoptez le r\u00e9gime pal\u00e9olithique","robots":{"index":"index","follow":"follow","max-snippet":"max-snippet:-1","max-image-preview":"max-image-preview:large","max-video-preview":"max-video-preview:-1"},"canonical":"https:\/\/experience-paleo.fr\/blog\/plan-de-menu\/","og_locale":"fr_FR","og_type":"article","og_title":"Plan de menu pour manger pal\u00e9o - Exp\u00e9rience Pal\u00e9o - Adoptez le r\u00e9gime pal\u00e9olithique","og_description":"Vous commencez le r\u00e9gime pal\u00e9o, mais vous n&rsquo;avez pas d&rsquo;id\u00e9es de repas\u00a0? Pas de probl\u00e8me\u00a0! Je vous propose sur\u00a0un plan de menus couvrant deux semaines de petit-d\u00e9jeuners, d\u00e9jeuners, d\u00eeners et collations\/snacks, afin de\u00a0vous accompagner dans votre pratique du r\u00e9gime pal\u00e9o au quotidien. Des plats simples et rapides \u00e0 pr\u00e9parer Je suis parti du principe que [&hellip;]","og_url":"https:\/\/experience-paleo.fr\/blog\/plan-de-menu\/","og_site_name":"Exp\u00e9rience Pal\u00e9o - Adoptez le r\u00e9gime pal\u00e9olithique","article_publisher":"https:\/\/facebook.com\/experiencePaleo","article_modified_time":"2017-08-23T09:24:22+00:00","og_image":[{"url":"http:\/\/experience-paleo.fr\/blog\/wp-content\/uploads\/2012\/04\/DeuxSemainesPaleo2.png"}],"twitter_card":"summary_large_image","twitter_misc":{"Dur\u00e9e de lecture estim\u00e9e":"1 minute"},"schema":{"@context":"https:\/\/schema.org","@graph":[{"@type":"WebPage","@id":"https:\/\/experience-paleo.fr\/blog\/plan-de-menu\/","url":"https:\/\/experience-paleo.fr\/blog\/plan-de-menu\/","name":"Plan de menu pour manger pal\u00e9o - Exp\u00e9rience Pal\u00e9o - Adoptez le r\u00e9gime pal\u00e9olithique","isPartOf":{"@id":"https:\/\/experience-paleo.fr\/blog\/#website"},"datePublished":"2012-04-03T03:55:27+00:00","dateModified":"2017-08-23T09:24:22+00:00","breadcrumb":{"@id":"https:\/\/experience-paleo.fr\/blog\/plan-de-menu\/#breadcrumb"},"inLanguage":"fr-FR","potentialAction":[{"@type":"ReadAction","target":["https:\/\/experience-paleo.fr\/blog\/plan-de-menu\/"]}]},{"@type":"BreadcrumbList","@id":"https:\/\/experience-paleo.fr\/blog\/plan-de-menu\/#breadcrumb","itemListElement":[{"@type":"ListItem","position":1,"name":"Plan de menu pour manger pal\u00e9o"}]},{"@type":"WebSite","@id":"https:\/\/experience-paleo.fr\/blog\/#website","url":"https:\/\/experience-paleo.fr\/blog\/","name":"Exp\u00e9rience Pal\u00e9o - Adoptez le r\u00e9gime pal\u00e9olithique","description":"Le r\u00e9gime pal\u00e9o, tout simplement","potentialAction":[{"@type":"SearchAction","target":{"@type":"EntryPoint","urlTemplate":"https:\/\/experience-paleo.fr\/blog\/?s={search_term_string}"},"query-input":"required name=search_term_string"}],"inLanguage":"fr-FR"}]}},"_links":{"self":[{"href":"https:\/\/experience-paleo.fr\/blog\/wp-json\/wp\/v2\/pages\/877","targetHints":{"allow":["GET"]}}],"collection":[{"href":"https:\/\/experience-paleo.fr\/blog\/wp-json\/wp\/v2\/pages"}],"about":[{"href":"https:\/\/experience-paleo.fr\/blog\/wp-json\/wp\/v2\/types\/page"}],"author":[{"embeddable":true,"href":"https:\/\/experience-paleo.fr\/blog\/wp-json\/wp\/v2\/users\/1"}],"replies":[{"embeddable":true,"href":"https:\/\/experience-paleo.fr\/blog\/wp-json\/wp\/v2\/comments?post=877"}],"version-history":[{"count":92,"href":"https:\/\/experience-paleo.fr\/blog\/wp-json\/wp\/v2\/pages\/877\/revisions"}],"predecessor-version":[{"id":4431,"href":"https:\/\/experience-paleo.fr\/blog\/wp-json\/wp\/v2\/pages\/877\/revisions\/4431"}],"wp:attachment":[{"href":"https:\/\/experience-paleo.fr\/blog\/wp-json\/wp\/v2\/media?parent=877"}],"curies":[{"name":"wp","href":"https:\/\/api.w.org\/{rel}","templated":true}]}}